{"id":1324,"date":"2022-09-27T13:04:47","date_gmt":"2022-09-27T11:04:47","guid":{"rendered":"https:\/\/versamed.pl\/innowacje-w-medycynie\/"},"modified":"2022-10-28T11:19:12","modified_gmt":"2022-10-28T09:19:12","slug":"innovationen-in-der-medizin","status":"publish","type":"page","link":"https:\/\/versamed.pl\/de\/innovationen-in-der-medizin\/","title":{"rendered":"Innovationen in der Medizin"},"content":{"rendered":"<section class=\"l-section wpb_row us_custom_8535c5f4 height_medium color_alternate\"><div class=\"l-section-h i-cf\"><div class=\"g-cols vc_row via_flex valign_top type_default stacking_default\"><div class=\"vc_col-sm-12 wpb_column vc_column_container\"><div class=\"vc_column-inner\"><div class=\"wpb_wrapper\">[vc_custom_heading text=&#8220;Innovationen in der Medizin&#8220; font_container=&#8220;tag:h1|text_align:left&#8220; use_theme_fonts=&#8220;yes&#8220; css=&#8220;%7B%22default%22%3A%7B%22color%22%3A%22%23131F73%22%2C%22text-align%22%3A%22center%22%2C%22font-weight%22%3A%22600%22%7D%7D&#8220;]<div class=\"w-separator size_small\"><\/div><div class=\"wpb_text_column us_custom_29a0f245\"><div class=\"wpb_wrapper\"><p>Innovation ist der Sektor, in dem die Entwicklung der Innovationen am schnellsten erfolgt und somit den technologischen Fortschritt antreibt. Das Anzeichen davon ist der steigende Einsatz von den Informationstechnologien in der Behandlung des Patienten.<\/p>\n<\/div><\/div><div class=\"w-separator size_small\"><\/div><\/div><\/div><\/div><\/div><\/div><\/section><section class=\"l-section wpb_row us_custom_5cd26a65 height_medium color_alternate\"><div class=\"l-section-h i-cf\"><div class=\"g-cols vc_row via_flex valign_middle type_default reversed stacking_default\"><div class=\"vc_col-sm-6 wpb_column vc_column_container\"><div class=\"vc_column-inner\"><div class=\"wpb_wrapper\"><div class=\"wpb_text_column\"><div class=\"wpb_wrapper\"><p>Wir sind davon \u00fcberzeugt, das der Zugang zu der modernen Technologie nicht nur die Arbeitsweise ver\u00e4ndert, sondern auch die Qualit\u00e4t und Effektivit\u00e4t der medizinischen Prozeduren verbessert.<br \/>\nUnser Bestreben und die t\u00e4gliche M\u00fche bestehen darin, dass das Einsatzpotential von den modernen Technologien in t\u00e4glicher Arbeit von Krankenh\u00e4usern und Einrichtungen der Gesundheitsf\u00fcrsorge erkannt wird.<\/p>\n<p>Wir richten uns an den Wandel aus, der sich dadurch ausdr\u00fcckt, dass die digitalen L\u00f6sungen in der Medizin immer mehr eingesetzt werden.<\/p>\n<p>Unseren Kunden bieten wir Zugang zu den innovativen, Diagnostik und Analytik sowie Telemedizin unterst\u00fctzenden L\u00f6sungen an.<\/p>\n<\/div><\/div><\/div><\/div><\/div><div class=\"vc_col-sm-6 wpb_column vc_column_container\"><div class=\"vc_column-inner\"><div class=\"wpb_wrapper\"><div class=\"w-image align_center\"><div class=\"w-image-h\"><img width=\"1200\" height=\"800\" src=\"https:\/\/versamed.pl\/wp-content\/uploads\/2022\/10\/innowacja-w-medycynie.jpg\" class=\"attachment-full size-full\" alt=\"\" srcset=\"https:\/\/versamed.pl\/wp-content\/uploads\/2022\/10\/innowacja-w-medycynie.jpg 1200w, https:\/\/versamed.pl\/wp-content\/uploads\/2022\/10\/innowacja-w-medycynie-300x200.jpg 300w, https:\/\/versamed.pl\/wp-content\/uploads\/2022\/10\/innowacja-w-medycynie-1024x683.jpg 1024w\" sizes=\"(max-width: 1200px) 100vw, 1200px\" \/><\/div><\/div><\/div><\/div><\/div><\/div><\/div><\/section>\n","protected":false},"excerpt":{"rendered":"[vc_custom_heading text=\"Innovationen in der Medizin\" font_container=\"tag:h1|text_align:left\" use_theme_fonts=\"yes\" css=\"%7B%22default%22%3A%7B%22color%22%3A%22%23131F73%22%2C%22text-align%22%3A%22center%22%2C%22font-weight%22%3A%22600%22%7D%7D\"]Innovation ist der Sektor, in dem die Entwicklung der Innovationen am schnellsten erfolgt und somit den technologischen Fortschritt antreibt. Das Anzeichen davon ist der steigende Einsatz von den Informationstechnologien in der Behandlung des Patienten. Wir sind davon \u00fcberzeugt, das der Zugang zu der modernen Technologie nicht nur die...","protected":false},"author":1,"featured_media":0,"parent":0,"menu_order":27,"comment_status":"closed","ping_status":"closed","template":"","meta":[],"_links":{"self":[{"href":"https:\/\/versamed.pl\/de\/wp-json\/wp\/v2\/pages\/1324"}],"collection":[{"href":"https:\/\/versamed.pl\/de\/wp-json\/wp\/v2\/pages"}],"about":[{"href":"https:\/\/versamed.pl\/de\/wp-json\/wp\/v2\/types\/page"}],"author":[{"embeddable":true,"href":"https:\/\/versamed.pl\/de\/wp-json\/wp\/v2\/users\/1"}],"replies":[{"embeddable":true,"href":"https:\/\/versamed.pl\/de\/wp-json\/wp\/v2\/comments?post=1324"}],"version-history":[{"count":2,"href":"https:\/\/versamed.pl\/de\/wp-json\/wp\/v2\/pages\/1324\/revisions"}],"predecessor-version":[{"id":1332,"href":"https:\/\/versamed.pl\/de\/wp-json\/wp\/v2\/pages\/1324\/revisions\/1332"}],"wp:attachment":[{"href":"https:\/\/versamed.pl\/de\/wp-json\/wp\/v2\/media?parent=1324"}],"curies":[{"name":"wp","href":"https:\/\/api.w.org\/{rel}","templated":true}]}}