{"id":1323,"date":"2022-09-27T14:21:50","date_gmt":"2022-09-27T12:21:50","guid":{"rendered":"https:\/\/versamed.pl\/wyposazenie-meblowe\/"},"modified":"2022-10-28T11:17:59","modified_gmt":"2022-10-28T09:17:59","slug":"moebelausstattung","status":"publish","type":"page","link":"https:\/\/versamed.pl\/de\/moebelausstattung\/","title":{"rendered":"M\u00f6belausstattung"},"content":{"rendered":"<section class=\"l-section wpb_row height_small color_alternate\"><div class=\"l-section-h i-cf\"><div class=\"g-cols vc_row via_flex valign_top type_default stacking_default\"><div class=\"vc_col-sm-12 wpb_column vc_column_container\"><div class=\"vc_column-inner\"><div class=\"wpb_wrapper\">[vc_custom_heading text=&#8220;M\u00f6belausstattung&#8220; font_container=&#8220;tag:h1|text_align:left&#8220; use_theme_fonts=&#8220;yes&#8220; css=&#8220;%7B%22default%22%3A%7B%22color%22%3A%22%23131F73%22%2C%22text-align%22%3A%22center%22%2C%22font-weight%22%3A%22600%22%7D%7D&#8220;]<div class=\"w-separator size_small\"><\/div><div class=\"wpb_text_column\"><div class=\"wpb_wrapper\"><p>Unser M\u00f6belausstattung ist von h\u00f6chster Qualit\u00e4t. Wir verf\u00fcgen \u00fcber Sessel, Sofas, Couchen, Konferenztische und St\u00fchle, die von bew\u00e4hrten inl\u00e4ndischen und ausl\u00e4ndischen Lieferanten kommen.<\/p>\n<p>Wir liefern ergonomische, funktionelle und moderne Teile der M\u00f6belausstattung. Durch sorgf\u00e4ltige Auswahl von Materialien wird dann eine hygienische Reinhaltung und leichte Pflege der ausgestatteten Fl\u00e4chen erzielt.<\/p>\n<p>In unserem Angebot finden Sie unter anderem:<\/p>\n<p>W naszej ofercie mi\u0119dzy innymi:<\/p>\n<ul>\n<li>Drehsessel<\/li>\n<li>St\u00fchle<\/li>\n<li>Sofas<\/li>\n<li>Couchen<\/li>\n<\/ul>\n<\/div><\/div><\/div><\/div><\/div><\/div><\/div><\/section>\n","protected":false},"excerpt":{"rendered":"[vc_custom_heading text=\"M\u00f6belausstattung\" font_container=\"tag:h1|text_align:left\" use_theme_fonts=\"yes\" css=\"%7B%22default%22%3A%7B%22color%22%3A%22%23131F73%22%2C%22text-align%22%3A%22center%22%2C%22font-weight%22%3A%22600%22%7D%7D\"]Unser M\u00f6belausstattung ist von h\u00f6chster Qualit\u00e4t. Wir verf\u00fcgen \u00fcber Sessel, Sofas, Couchen, Konferenztische und St\u00fchle, die von bew\u00e4hrten inl\u00e4ndischen und ausl\u00e4ndischen Lieferanten kommen. Wir liefern ergonomische, funktionelle und moderne Teile der M\u00f6belausstattung. Durch sorgf\u00e4ltige Auswahl von Materialien wird dann eine hygienische Reinhaltung und leichte Pflege der ausgestatteten Fl\u00e4chen erzielt. In unserem...","protected":false},"author":1,"featured_media":0,"parent":0,"menu_order":51,"comment_status":"closed","ping_status":"closed","template":"","meta":[],"_links":{"self":[{"href":"https:\/\/versamed.pl\/de\/wp-json\/wp\/v2\/pages\/1323"}],"collection":[{"href":"https:\/\/versamed.pl\/de\/wp-json\/wp\/v2\/pages"}],"about":[{"href":"https:\/\/versamed.pl\/de\/wp-json\/wp\/v2\/types\/page"}],"author":[{"embeddable":true,"href":"https:\/\/versamed.pl\/de\/wp-json\/wp\/v2\/users\/1"}],"replies":[{"embeddable":true,"href":"https:\/\/versamed.pl\/de\/wp-json\/wp\/v2\/comments?post=1323"}],"version-history":[{"count":2,"href":"https:\/\/versamed.pl\/de\/wp-json\/wp\/v2\/pages\/1323\/revisions"}],"predecessor-version":[{"id":1330,"href":"https:\/\/versamed.pl\/de\/wp-json\/wp\/v2\/pages\/1323\/revisions\/1330"}],"wp:attachment":[{"href":"https:\/\/versamed.pl\/de\/wp-json\/wp\/v2\/media?parent=1323"}],"curies":[{"name":"wp","href":"https:\/\/api.w.org\/{rel}","templated":true}]}}