{"id":1322,"date":"2022-09-27T14:20:10","date_gmt":"2022-09-27T12:20:10","guid":{"rendered":"https:\/\/versamed.pl\/meble-medyczne\/"},"modified":"2022-10-28T11:16:53","modified_gmt":"2022-10-28T09:16:53","slug":"medizinmoebel","status":"publish","type":"page","link":"https:\/\/versamed.pl\/de\/medizinmoebel\/","title":{"rendered":"Medizinm\u00f6bel"},"content":{"rendered":"<section class=\"l-section wpb_row height_small color_alternate\"><div class=\"l-section-h i-cf\"><div class=\"g-cols vc_row via_flex valign_top type_default stacking_default\"><div class=\"vc_col-sm-12 wpb_column vc_column_container\"><div class=\"vc_column-inner\"><div class=\"wpb_wrapper\">[vc_custom_heading text=&#8220;Medizinm\u00f6bel&#8220; font_container=&#8220;tag:h1|text_align:left&#8220; use_theme_fonts=&#8220;yes&#8220; css=&#8220;%7B%22default%22%3A%7B%22color%22%3A%22%23131F73%22%2C%22text-align%22%3A%22center%22%2C%22font-weight%22%3A%22600%22%7D%7D&#8220;]<div class=\"w-separator size_small\"><\/div><div class=\"wpb_text_column\"><div class=\"wpb_wrapper\"><p>Wir bieten Ihnen Medizinm\u00f6bel f\u00fcr jede Art Raum innerhalb einer medizinischen Einrichtung an. Wir statten Arztpraxen und Behandlungsr\u00e4ume, Operationss\u00e4le, Sozial- und Pausenr\u00e4ume sowie den gemeinschaftlichen Raum aus. Unsere M\u00f6bel zeichnen sich durch h\u00f6chste Funktionalit\u00e4t und beste Beschaffenheit sowie originelles Design.<\/p>\n<p>Unsere M\u00f6bel tragen erheblich nicht nur zu einer besseren Arbeitsbequemlichkeit bei, sondern gestalten eine \u00e4sthetische, sichere und hygienische Umgebung, die positiven den Heilungsprozess und die Genesung beeinflusst.<\/p>\n<p>Wir fertigen Einbaum\u00f6bel nach individuellem Projekt.<\/p>\n<p>In unserem Angebot finden Sie auch modulare Platten-, Labor-, Metall- und Aluminiumm\u00f6bel.<\/p>\n<p><strong>Entdecken Sie unsere realisierten Projekte:<\/strong><\/p>\n<\/div><\/div><\/div><\/div><\/div><\/div><\/div><\/section><section class=\"l-section wpb_row us_custom_8535c5f4 box-wrap height_small width_full\"><div class=\"l-section-h i-cf\"><div class=\"g-cols vc_row via_flex valign_top type_default stacking_default\"><div class=\"vc_col-sm-12 wpb_column vc_column_container\"><div class=\"vc_column-inner\"><div class=\"wpb_wrapper\"><div class=\"w-grid type_grid layout_245 cols_4 ratio_16x9\" id=\"us_grid_1\" data-filterable=\"true\"><style>#us_grid_1 .w-grid-item{padding:0.75rem}#us_grid_1 .w-grid-list{margin:-0.75rem -0.75rem 0.75rem}.w-grid + #us_grid_1 .w-grid-list,.w-grid-none + #us_grid_1 .w-grid-list{margin-top:0.75rem}@media (max-width:1199px){#us_grid_1 .w-grid-item{width:33.3333%}#us_grid_1 .w-grid-item.size_2x1,#us_grid_1 .w-grid-item.size_2x2{width:66.6667%}}@media (max-width:899px){#us_grid_1 .w-grid-item{width:50%}#us_grid_1 .w-grid-item.size_2x1,#us_grid_1 .w-grid-item.size_2x2{width:100%}}@media (max-width:599px){#us_grid_1 .w-grid-list{margin:0}#us_grid_1 .w-grid-item{width:100%;padding:0;margin-bottom:0.75rem}}.layout_245 .w-grid-item-h:before{padding-bottom:56.25%}@media (min-width:600px){.layout_245 .w-grid-item.size_1x2 .w-grid-item-h:before{padding-bottom:calc(112.5% + 0.75rem + 0.75rem)}.layout_245 .w-grid-item.size_2x1 .w-grid-item-h:before{padding-bottom:calc(28.125% - 0.75rem * 0.5625)}.layout_245 .w-grid-item.size_2x2 .w-grid-item-h:before{padding-bottom:calc(56.25% - 0.75rem * -0.875)}}.layout_245 .w-grid-item-h{}.layout_245 .usg_vwrapper_1{transition-duration:0.4s;transform-origin:50% 50%;transform:scale(1) translate(0%,0%);opacity:0}.layout_245 .w-grid-item-h:hover .usg_vwrapper_1{transform:scale(1) translate(0%,0%);opacity:1}.layout_245 .usg_post_title_1{transition-duration:0.35s;transform-origin:50% 50%;transform:scale(1) translate(0%,35%)}.layout_245 .w-grid-item-h:hover .usg_post_title_1{transform:scale(1) translate(0%,0%);opacity:1}.layout_245 .usg_post_image_1{position:absolute!important;left:0!important;top:0!important;bottom:0!important;right:0!important}.layout_245 .usg_vwrapper_1{position:absolute!important;left:0!important;bottom:-1px!important;right:0!important;background:linear-gradient(transparent,rgba(30,30,30,0.8))!important;padding:5rem 2rem 1.5rem 2rem!important}.layout_245 .usg_post_title_1{color:#ffffff!important;font-size:1.4rem!important}.layout_245 .usg_text_1{position:absolute!important;left:0!important;top:0!important;bottom:0!important;right:0!important;z-index:999!important}<\/style><div class=\"w-grid-list\">\t<article class=\"w-grid-item size_1x1 post-1283 us_portfolio type-us_portfolio status-publish has-post-thumbnail hentry us_portfolio_category-meble-medyczne-de\" data-id=\"1283\">\r\n\t\t<div class=\"w-grid-item-h\">\r\n\t\t\t\t\t\t<div class=\"w-text usg_text_1 proj-wrap\"><a href=\"https:\/\/versamed.pl\/de\/realizacje\/meble-aluminiowe-2\/\" class=\"w-text-h\"><span class=\"w-text-value\"><\/span><\/a><\/div><div class=\"w-post-elm post_image usg_post_image_1 has_ratio\"><div style=\"padding-bottom:56.25%\"><\/div><a href=\"https:\/\/versamed.pl\/de\/realizacje\/meble-aluminiowe-2\/\" aria-label=\"Meble aluminiowe 2\"><img width=\"1024\" height=\"667\" src=\"https:\/\/versamed.pl\/wp-content\/uploads\/2022\/10\/meble-aluminiowe-2-1-1024x667.jpg\" class=\"attachment-large size-large wp-post-image\" alt=\"\" loading=\"lazy\" srcset=\"https:\/\/versamed.pl\/wp-content\/uploads\/2022\/10\/meble-aluminiowe-2-1-1024x667.jpg 1024w, https:\/\/versamed.pl\/wp-content\/uploads\/2022\/10\/meble-aluminiowe-2-1-300x196.jpg 300w, https:\/\/versamed.pl\/wp-content\/uploads\/2022\/10\/meble-aluminiowe-2-1.jpg 1200w\" sizes=\"(max-width: 1024px) 100vw, 1024px\" \/><\/a><\/div><div class=\"w-vwrapper usg_vwrapper_1 align_none valign_top\"><h2 class=\"w-post-elm post_title usg_post_title_1 entry-title color_link_inherit\"><a href=\"https:\/\/versamed.pl\/de\/realizacje\/meble-aluminiowe-2\/\">Meble aluminiowe 2<\/a><\/h2><\/div>\t\t<\/div>\r\n\t<\/article>\r\n\t<article class=\"w-grid-item size_1x1 post-1282 us_portfolio type-us_portfolio status-publish has-post-thumbnail hentry us_portfolio_category-meble-medyczne-de\" data-id=\"1282\">\r\n\t\t<div class=\"w-grid-item-h\">\r\n\t\t\t\t\t\t<div class=\"w-text usg_text_1 proj-wrap\"><a href=\"https:\/\/versamed.pl\/de\/realizacje\/meble-aluminiowe-1\/\" class=\"w-text-h\"><span class=\"w-text-value\"><\/span><\/a><\/div><div class=\"w-post-elm post_image usg_post_image_1 has_ratio\"><div style=\"padding-bottom:56.25%\"><\/div><a href=\"https:\/\/versamed.pl\/de\/realizacje\/meble-aluminiowe-1\/\" aria-label=\"Meble aluminiowe 1\"><img width=\"1024\" height=\"683\" src=\"https:\/\/versamed.pl\/wp-content\/uploads\/2022\/10\/meble-aluminiowe-1-2-1024x683.jpg\" class=\"attachment-large size-large wp-post-image\" alt=\"\" loading=\"lazy\" srcset=\"https:\/\/versamed.pl\/wp-content\/uploads\/2022\/10\/meble-aluminiowe-1-2-1024x683.jpg 1024w, https:\/\/versamed.pl\/wp-content\/uploads\/2022\/10\/meble-aluminiowe-1-2-300x200.jpg 300w, https:\/\/versamed.pl\/wp-content\/uploads\/2022\/10\/meble-aluminiowe-1-2.jpg 1200w\" sizes=\"(max-width: 1024px) 100vw, 1024px\" \/><\/a><\/div><div class=\"w-vwrapper usg_vwrapper_1 align_none valign_top\"><h2 class=\"w-post-elm post_title usg_post_title_1 entry-title color_link_inherit\"><a href=\"https:\/\/versamed.pl\/de\/realizacje\/meble-aluminiowe-1\/\">Meble aluminiowe 1<\/a><\/h2><\/div>\t\t<\/div>\r\n\t<\/article>\r\n<\/div><div class=\"w-grid-preloader\"><div class=\"g-preloader type_1\">\r\n\t<div><\/div>\r\n<\/div>\r\n<\/div>\t<div class=\"w-grid-json hidden\" onclick='return {&quot;action&quot;:&quot;us_ajax_grid&quot;,&quot;ajax_url&quot;:&quot;https:\\\/\\\/versamed.pl\\\/wp-admin\\\/admin-ajax.php&quot;,&quot;infinite_scroll&quot;:0,&quot;max_num_pages&quot;:1,&quot;pagination&quot;:&quot;ajax&quot;,&quot;permalink_url&quot;:&quot;https:\\\/\\\/versamed.pl\\\/de\\\/wp-json\\\/wp\\\/v2\\\/pages\\\/1322\\\/&quot;,&quot;template_vars&quot;:{&quot;columns&quot;:&quot;4&quot;,&quot;exclude_items&quot;:&quot;none&quot;,&quot;img_size&quot;:&quot;default&quot;,&quot;ignore_items_size&quot;:false,&quot;items_layout&quot;:&quot;245&quot;,&quot;items_offset&quot;:&quot;1&quot;,&quot;load_animation&quot;:&quot;none&quot;,&quot;overriding_link&quot;:&quot;none&quot;,&quot;post_id&quot;:1322,&quot;query_args&quot;:{&quot;post_type&quot;:[&quot;us_portfolio&quot;],&quot;tax_query&quot;:[{&quot;taxonomy&quot;:&quot;us_portfolio_category&quot;,&quot;field&quot;:&quot;slug&quot;,&quot;terms&quot;:[&quot;meble-medyczne&quot;]}],&quot;post_status&quot;:[&quot;publish&quot;],&quot;posts_per_page&quot;:&quot;12&quot;},&quot;orderby_query_args&quot;:{&quot;orderby&quot;:{&quot;post__in&quot;:&quot;ASC&quot;},&quot;order&quot;:&quot;ASC&quot;},&quot;type&quot;:&quot;grid&quot;,&quot;us_grid_ajax_index&quot;:1,&quot;us_grid_filter_params&quot;:null,&quot;us_grid_index&quot;:1,&quot;_us_grid_post_type&quot;:&quot;us_portfolio&quot;,&quot;lang&quot;:&quot;de&quot;}}'><\/div>\r\n\t<\/div><\/div><\/div><\/div><\/div><\/div><\/section>\n","protected":false},"excerpt":{"rendered":"Meble aluminiowe 1","protected":false},"author":1,"featured_media":0,"parent":0,"menu_order":46,"comment_status":"closed","ping_status":"closed","template":"","meta":[],"_links":{"self":[{"href":"https:\/\/versamed.pl\/de\/wp-json\/wp\/v2\/pages\/1322"}],"collection":[{"href":"https:\/\/versamed.pl\/de\/wp-json\/wp\/v2\/pages"}],"about":[{"href":"https:\/\/versamed.pl\/de\/wp-json\/wp\/v2\/types\/page"}],"author":[{"embeddable":true,"href":"https:\/\/versamed.pl\/de\/wp-json\/wp\/v2\/users\/1"}],"replies":[{"embeddable":true,"href":"https:\/\/versamed.pl\/de\/wp-json\/wp\/v2\/comments?post=1322"}],"version-history":[{"count":2,"href":"https:\/\/versamed.pl\/de\/wp-json\/wp\/v2\/pages\/1322\/revisions"}],"predecessor-version":[{"id":1328,"href":"https:\/\/versamed.pl\/de\/wp-json\/wp\/v2\/pages\/1322\/revisions\/1328"}],"wp:attachment":[{"href":"https:\/\/versamed.pl\/de\/wp-json\/wp\/v2\/media?parent=1322"}],"curies":[{"name":"wp","href":"https:\/\/api.w.org\/{rel}","templated":true}]}}