{"id":1321,"date":"2022-09-27T12:54:33","date_gmt":"2022-09-27T10:54:33","guid":{"rendered":"https:\/\/versamed.pl\/meble-medyczne-i-wyposazenie-meblowe\/"},"modified":"2022-10-28T11:50:58","modified_gmt":"2022-10-28T09:50:58","slug":"medizinmoebel-und-moebelausstattung","status":"publish","type":"page","link":"https:\/\/versamed.pl\/de\/medizinmoebel-und-moebelausstattung\/","title":{"rendered":"Medizinm\u00f6bel und M\u00f6belausstattung"},"content":{"rendered":"<section class=\"l-section wpb_row height_medium color_alternate\"><div class=\"l-section-h i-cf\"><div class=\"g-cols vc_row via_flex valign_top type_default stacking_default\"><div class=\"vc_col-sm-12 wpb_column vc_column_container\"><div class=\"vc_column-inner\"><div class=\"wpb_wrapper\">[vc_custom_heading text=&#8220;Medizinm\u00f6bel und M\u00f6belausstattung&#8220; font_container=&#8220;tag:h1|text_align:left&#8220; use_theme_fonts=&#8220;yes&#8220; css=&#8220;%7B%22default%22%3A%7B%22color%22%3A%22%23131F73%22%2C%22text-align%22%3A%22center%22%2C%22font-weight%22%3A%22600%22%7D%2C%22laptops%22%3A%7B%22color%22%3A%22%23131F73%22%2C%22text-align%22%3A%22center%22%2C%22font-weight%22%3A%22600%22%7D%2C%22tablets%22%3A%7B%22color%22%3A%22%23131F73%22%2C%22text-align%22%3A%22center%22%2C%22font-weight%22%3A%22600%22%7D%2C%22mobiles%22%3A%7B%22color%22%3A%22%23131F73%22%2C%22text-align%22%3A%22center%22%2C%22font-weight%22%3A%22600%22%7D%7D&#8220;]<\/div><\/div><\/div><\/div><\/div><\/section><section class=\"l-section wpb_row us_custom_5cd26a65 realiz height_small color_alternate\"><div class=\"l-section-h i-cf\"><div class=\"g-cols vc_row via_flex valign_middle type_default stacking_default\"><div class=\"vc_col-sm-6 vc_col-md-7 wpb_column vc_column_container\"><div class=\"vc_column-inner\"><div class=\"wpb_wrapper\"><div class=\"w-hwrapper align_none valign_top\" style=\"--hwrapper-gap:2rem\">[vc_custom_heading text=&#8220;01.&#8220; use_theme_fonts=&#8220;yes&#8220; css=&#8220;%7B%22default%22%3A%7B%22color%22%3A%22_content_primary%22%2C%22font-size%22%3A%223.5rem%22%2C%22line-height%22%3A%222.5rem%22%2C%22font-family%22%3A%22Clash%20Display%22%2C%22font-weight%22%3A%22700%22%2C%22min-width%22%3A%22140px%22%2C%22margin-left%22%3A%220%22%2C%22margin-top%22%3A%220%22%2C%22margin-bottom%22%3A%220%22%2C%22margin-right%22%3A%220%22%7D%2C%22laptops%22%3A%7B%22color%22%3A%22%23b3e3fb%22%2C%22font-size%22%3A%223.5rem%22%2C%22line-height%22%3A%222.5rem%22%2C%22font-family%22%3A%22Clash%20Display%22%2C%22font-weight%22%3A%22700%22%2C%22min-width%22%3A%22140px%22%7D%2C%22tablets%22%3A%7B%22color%22%3A%22%23b3e3fb%22%2C%22font-size%22%3A%223.5rem%22%2C%22line-height%22%3A%222.5rem%22%2C%22font-family%22%3A%22Clash%20Display%22%2C%22font-weight%22%3A%22700%22%2C%22min-width%22%3A%22140px%22%7D%2C%22mobiles%22%3A%7B%22color%22%3A%22%23b3e3fb%22%2C%22font-size%22%3A%222.5rem%22%2C%22line-height%22%3A%222.5rem%22%2C%22font-family%22%3A%22Clash%20Display%22%2C%22font-weight%22%3A%22700%22%2C%22min-width%22%3A%2280px%22%7D%7D&#8220;]<div class=\"w-vwrapper align_none valign_top\" style=\"--vwrapper-gap:1rem\">[vc_custom_heading text=&#8220;Medizinm\u00f6bel&#8220; use_theme_fonts=&#8220;yes&#8220; css=&#8220;%7B%22default%22%3A%7B%22color%22%3A%22%23131F73%22%2C%22font-size%22%3A%221.5rem%22%2C%22font-weight%22%3A%22500%22%7D%2C%22laptops%22%3A%7B%22color%22%3A%22%23131F73%22%2C%22font-size%22%3A%221.5rem%22%2C%22font-weight%22%3A%22500%22%7D%2C%22tablets%22%3A%7B%22color%22%3A%22%23131F73%22%2C%22font-size%22%3A%221.5rem%22%2C%22font-weight%22%3A%22500%22%7D%2C%22mobiles%22%3A%7B%22color%22%3A%22%23131F73%22%2C%22font-size%22%3A%221.2rem%22%2C%22font-weight%22%3A%22500%22%7D%7D&#8220;]<div class=\"wpb_text_column\"><div class=\"wpb_wrapper\"><p>Wir bieten Ihnen Medizinm\u00f6bel f\u00fcr jede Art Raum innerhalb einer medizinischen Einrichtung an. Wir statten Arztpraxen und Behandlungsr\u00e4ume, Operationss\u00e4le, Sozial- und Pausenr\u00e4ume sowie den gemeinschaftlichen Raum aus.<\/p>\n<\/div><\/div><div class=\"w-btn-wrapper align_none\"><a class=\"w-btn us-btn-style_1\" title=\"Medizinm\u00f6bel\" href=\"\/de\/medizinmoebel\/\"><span class=\"w-btn-label\">Details zum Angebot \u2192<\/span><\/a><\/div><\/div><\/div><\/div><\/div><\/div><div class=\"vc_col-sm-6 vc_col-md-5 wpb_column vc_column_container\"><div class=\"vc_column-inner\"><div class=\"wpb_wrapper\"><div class=\"w-image has_ratio align_none\"><div class=\"w-image-h\"><div style=\"padding-bottom:66.6667%\"><\/div><img width=\"1200\" height=\"800\" src=\"https:\/\/versamed.pl\/wp-content\/uploads\/2022\/10\/meble-medyczne.jpg\" class=\"attachment-full size-full\" alt=\"\" srcset=\"https:\/\/versamed.pl\/wp-content\/uploads\/2022\/10\/meble-medyczne.jpg 1200w, https:\/\/versamed.pl\/wp-content\/uploads\/2022\/10\/meble-medyczne-300x200.jpg 300w, https:\/\/versamed.pl\/wp-content\/uploads\/2022\/10\/meble-medyczne-1024x683.jpg 1024w\" sizes=\"(max-width: 1200px) 100vw, 1200px\" \/><\/div><\/div><\/div><\/div><\/div><\/div><\/div><\/section><section class=\"l-section wpb_row realiz height_small color_alternate\"><div class=\"l-section-h i-cf\"><div class=\"g-cols vc_row via_flex valign_middle type_default stacking_default\"><div class=\"vc_col-sm-6 vc_col-md-7 wpb_column vc_column_container\"><div class=\"vc_column-inner\"><div class=\"wpb_wrapper\"><div class=\"w-hwrapper align_none valign_top\" style=\"--hwrapper-gap:2rem\">[vc_custom_heading text=&#8220;02.&#8220; use_theme_fonts=&#8220;yes&#8220; css=&#8220;%7B%22default%22%3A%7B%22color%22%3A%22_content_primary%22%2C%22font-size%22%3A%223.5rem%22%2C%22line-height%22%3A%222.5rem%22%2C%22font-family%22%3A%22Clash%20Display%22%2C%22font-weight%22%3A%22700%22%2C%22min-width%22%3A%22140px%22%2C%22margin-left%22%3A%220%22%2C%22margin-top%22%3A%220%22%2C%22margin-bottom%22%3A%220%22%2C%22margin-right%22%3A%220%22%7D%2C%22laptops%22%3A%7B%22color%22%3A%22%23b3e3fb%22%2C%22font-size%22%3A%223.5rem%22%2C%22line-height%22%3A%222.5rem%22%2C%22font-family%22%3A%22Clash%20Display%22%2C%22font-weight%22%3A%22700%22%2C%22min-width%22%3A%22140px%22%7D%2C%22tablets%22%3A%7B%22color%22%3A%22%23b3e3fb%22%2C%22font-size%22%3A%223.5rem%22%2C%22line-height%22%3A%222.5rem%22%2C%22font-family%22%3A%22Clash%20Display%22%2C%22font-weight%22%3A%22700%22%2C%22min-width%22%3A%22140px%22%7D%2C%22mobiles%22%3A%7B%22color%22%3A%22%23b3e3fb%22%2C%22font-size%22%3A%222.5rem%22%2C%22line-height%22%3A%222.5rem%22%2C%22font-family%22%3A%22Clash%20Display%22%2C%22font-weight%22%3A%22700%22%2C%22min-width%22%3A%2280px%22%7D%7D&#8220;]<div class=\"w-vwrapper align_none valign_top\" style=\"--vwrapper-gap:1rem\">[vc_custom_heading text=&#8220;M\u00f6belausstattung&#8220; use_theme_fonts=&#8220;yes&#8220; css=&#8220;%7B%22default%22%3A%7B%22color%22%3A%22%23131F73%22%2C%22font-size%22%3A%221.5rem%22%2C%22font-weight%22%3A%22500%22%7D%2C%22laptops%22%3A%7B%22color%22%3A%22%23131F73%22%2C%22font-size%22%3A%221.5rem%22%2C%22font-weight%22%3A%22500%22%7D%2C%22tablets%22%3A%7B%22color%22%3A%22%23131F73%22%2C%22font-size%22%3A%221.5rem%22%2C%22font-weight%22%3A%22500%22%7D%2C%22mobiles%22%3A%7B%22color%22%3A%22%23131F73%22%2C%22font-size%22%3A%221.2rem%22%2C%22font-weight%22%3A%22500%22%7D%7D&#8220;]<div class=\"wpb_text_column\"><div class=\"wpb_wrapper\"><p lang=\"de-DE\">Unser M\u00f6belausstattung ist von h\u00f6chster Qualit\u00e4t. Wir verf\u00fcgen \u00fcber Sessel, Sofas, Couchen, Konferenztische und St\u00fchle, die von bew\u00e4hrten inl\u00e4ndischen und ausl\u00e4ndischen Lieferanten kommen.<\/p>\n<\/div><\/div><div class=\"w-btn-wrapper align_none\"><a class=\"w-btn us-btn-style_1\" title=\"M\u00f6belausstattung\" href=\"\/de\/moebelausstattung\/\"><span class=\"w-btn-label\">Details zum Angebot \u2192<\/span><\/a><\/div><\/div><\/div><\/div><\/div><\/div><div class=\"vc_col-sm-6 vc_col-md-5 wpb_column vc_column_container\"><div class=\"vc_column-inner\"><div class=\"wpb_wrapper\"><div class=\"w-image has_ratio align_none\"><div class=\"w-image-h\"><div style=\"padding-bottom:66.6667%\"><\/div><img width=\"1200\" height=\"800\" src=\"https:\/\/versamed.pl\/wp-content\/uploads\/2022\/10\/wyposazenie-meblowe.jpg\" class=\"attachment-full size-full\" alt=\"\" srcset=\"https:\/\/versamed.pl\/wp-content\/uploads\/2022\/10\/wyposazenie-meblowe.jpg 1200w, https:\/\/versamed.pl\/wp-content\/uploads\/2022\/10\/wyposazenie-meblowe-300x200.jpg 300w, https:\/\/versamed.pl\/wp-content\/uploads\/2022\/10\/wyposazenie-meblowe-1024x683.jpg 1024w\" sizes=\"(max-width: 1200px) 100vw, 1200px\" \/><\/div><\/div><\/div><\/div><\/div><\/div><\/div><\/section><section class=\"l-section wpb_row realiz height_auto color_alternate\"><div class=\"l-section-h i-cf\"><div class=\"g-cols vc_row via_flex valign_middle type_default stacking_default\"><div class=\"vc_col-sm-12 wpb_column vc_column_container\"><div class=\"vc_column-inner\"><div class=\"wpb_wrapper\"><div class=\"w-separator size_medium\"><\/div><\/div><\/div><\/div><\/div><\/div><\/section>\n","protected":false},"excerpt":{"rendered":"[vc_custom_heading text=\"Medizinm\u00f6bel und M\u00f6belausstattung\" font_container=\"tag:h1|text_align:left\" use_theme_fonts=\"yes\" css=\"%7B%22default%22%3A%7B%22color%22%3A%22%23131F73%22%2C%22text-align%22%3A%22center%22%2C%22font-weight%22%3A%22600%22%7D%2C%22laptops%22%3A%7B%22color%22%3A%22%23131F73%22%2C%22text-align%22%3A%22center%22%2C%22font-weight%22%3A%22600%22%7D%2C%22tablets%22%3A%7B%22color%22%3A%22%23131F73%22%2C%22text-align%22%3A%22center%22%2C%22font-weight%22%3A%22600%22%7D%2C%22mobiles%22%3A%7B%22color%22%3A%22%23131F73%22%2C%22text-align%22%3A%22center%22%2C%22font-weight%22%3A%22600%22%7D%7D\"][vc_custom_heading text=\"01.\" use_theme_fonts=\"yes\" css=\"%7B%22default%22%3A%7B%22color%22%3A%22_content_primary%22%2C%22font-size%22%3A%223.5rem%22%2C%22line-height%22%3A%222.5rem%22%2C%22font-family%22%3A%22Clash%20Display%22%2C%22font-weight%22%3A%22700%22%2C%22min-width%22%3A%22140px%22%2C%22margin-left%22%3A%220%22%2C%22margin-top%22%3A%220%22%2C%22margin-bottom%22%3A%220%22%2C%22margin-right%22%3A%220%22%7D%2C%22laptops%22%3A%7B%22color%22%3A%22%23b3e3fb%22%2C%22font-size%22%3A%223.5rem%22%2C%22line-height%22%3A%222.5rem%22%2C%22font-family%22%3A%22Clash%20Display%22%2C%22font-weight%22%3A%22700%22%2C%22min-width%22%3A%22140px%22%7D%2C%22tablets%22%3A%7B%22color%22%3A%22%23b3e3fb%22%2C%22font-size%22%3A%223.5rem%22%2C%22line-height%22%3A%222.5rem%22%2C%22font-family%22%3A%22Clash%20Display%22%2C%22font-weight%22%3A%22700%22%2C%22min-width%22%3A%22140px%22%7D%2C%22mobiles%22%3A%7B%22color%22%3A%22%23b3e3fb%22%2C%22font-size%22%3A%222.5rem%22%2C%22line-height%22%3A%222.5rem%22%2C%22font-family%22%3A%22Clash%20Display%22%2C%22font-weight%22%3A%22700%22%2C%22min-width%22%3A%2280px%22%7D%7D\"][vc_custom_heading text=\"Medizinm\u00f6bel\" use_theme_fonts=\"yes\" css=\"%7B%22default%22%3A%7B%22color%22%3A%22%23131F73%22%2C%22font-size%22%3A%221.5rem%22%2C%22font-weight%22%3A%22500%22%7D%2C%22laptops%22%3A%7B%22color%22%3A%22%23131F73%22%2C%22font-size%22%3A%221.5rem%22%2C%22font-weight%22%3A%22500%22%7D%2C%22tablets%22%3A%7B%22color%22%3A%22%23131F73%22%2C%22font-size%22%3A%221.5rem%22%2C%22font-weight%22%3A%22500%22%7D%2C%22mobiles%22%3A%7B%22color%22%3A%22%23131F73%22%2C%22font-size%22%3A%221.2rem%22%2C%22font-weight%22%3A%22500%22%7D%7D\"]Wir bieten Ihnen Medizinm\u00f6bel f\u00fcr jede Art Raum innerhalb einer medizinischen Einrichtung an. Wir statten Arztpraxen und Behandlungsr\u00e4ume, Operationss\u00e4le, Sozial- und Pausenr\u00e4ume sowie den gemeinschaftlichen Raum aus. Details zum Angebot \u2192[vc_custom_heading text=\"02.\" use_theme_fonts=\"yes\" css=\"%7B%22default%22%3A%7B%22color%22%3A%22_content_primary%22%2C%22font-size%22%3A%223.5rem%22%2C%22line-height%22%3A%222.5rem%22%2C%22font-family%22%3A%22Clash%20Display%22%2C%22font-weight%22%3A%22700%22%2C%22min-width%22%3A%22140px%22%2C%22margin-left%22%3A%220%22%2C%22margin-top%22%3A%220%22%2C%22margin-bottom%22%3A%220%22%2C%22margin-right%22%3A%220%22%7D%2C%22laptops%22%3A%7B%22color%22%3A%22%23b3e3fb%22%2C%22font-size%22%3A%223.5rem%22%2C%22line-height%22%3A%222.5rem%22%2C%22font-family%22%3A%22Clash%20Display%22%2C%22font-weight%22%3A%22700%22%2C%22min-width%22%3A%22140px%22%7D%2C%22tablets%22%3A%7B%22color%22%3A%22%23b3e3fb%22%2C%22font-size%22%3A%223.5rem%22%2C%22line-height%22%3A%222.5rem%22%2C%22font-family%22%3A%22Clash%20Display%22%2C%22font-weight%22%3A%22700%22%2C%22min-width%22%3A%22140px%22%7D%2C%22mobiles%22%3A%7B%22color%22%3A%22%23b3e3fb%22%2C%22font-size%22%3A%222.5rem%22%2C%22line-height%22%3A%222.5rem%22%2C%22font-family%22%3A%22Clash%20Display%22%2C%22font-weight%22%3A%22700%22%2C%22min-width%22%3A%2280px%22%7D%7D\"][vc_custom_heading text=\"M\u00f6belausstattung\" use_theme_fonts=\"yes\" css=\"%7B%22default%22%3A%7B%22color%22%3A%22%23131F73%22%2C%22font-size%22%3A%221.5rem%22%2C%22font-weight%22%3A%22500%22%7D%2C%22laptops%22%3A%7B%22color%22%3A%22%23131F73%22%2C%22font-size%22%3A%221.5rem%22%2C%22font-weight%22%3A%22500%22%7D%2C%22tablets%22%3A%7B%22color%22%3A%22%23131F73%22%2C%22font-size%22%3A%221.5rem%22%2C%22font-weight%22%3A%22500%22%7D%2C%22mobiles%22%3A%7B%22color%22%3A%22%23131F73%22%2C%22font-size%22%3A%221.2rem%22%2C%22font-weight%22%3A%22500%22%7D%7D\"]Unser M\u00f6belausstattung ist von h\u00f6chster Qualit\u00e4t. Wir...","protected":false},"author":1,"featured_media":0,"parent":0,"menu_order":22,"comment_status":"closed","ping_status":"closed","template":"","meta":[],"_links":{"self":[{"href":"https:\/\/versamed.pl\/de\/wp-json\/wp\/v2\/pages\/1321"}],"collection":[{"href":"https:\/\/versamed.pl\/de\/wp-json\/wp\/v2\/pages"}],"about":[{"href":"https:\/\/versamed.pl\/de\/wp-json\/wp\/v2\/types\/page"}],"author":[{"embeddable":true,"href":"https:\/\/versamed.pl\/de\/wp-json\/wp\/v2\/users\/1"}],"replies":[{"embeddable":true,"href":"https:\/\/versamed.pl\/de\/wp-json\/wp\/v2\/comments?post=1321"}],"version-history":[{"count":4,"href":"https:\/\/versamed.pl\/de\/wp-json\/wp\/v2\/pages\/1321\/revisions"}],"predecessor-version":[{"id":1343,"href":"https:\/\/versamed.pl\/de\/wp-json\/wp\/v2\/pages\/1321\/revisions\/1343"}],"wp:attachment":[{"href":"https:\/\/versamed.pl\/de\/wp-json\/wp\/v2\/media?parent=1321"}],"curies":[{"name":"wp","href":"https:\/\/api.w.org\/{rel}","templated":true}]}}