{"id":1313,"date":"2022-09-27T13:39:23","date_gmt":"2022-09-27T11:39:23","guid":{"rendered":"https:\/\/versamed.pl\/tomografy-komputerowe\/"},"modified":"2022-10-28T11:00:25","modified_gmt":"2022-10-28T09:00:25","slug":"computertomographen","status":"publish","type":"page","link":"https:\/\/versamed.pl\/de\/computertomographen\/","title":{"rendered":"Computertomographen"},"content":{"rendered":"<section class=\"l-section wpb_row height_medium color_alternate\"><div class=\"l-section-h i-cf\"><div class=\"g-cols vc_row via_flex valign_top type_default stacking_default\"><div class=\"vc_col-sm-12 wpb_column vc_column_container\"><div class=\"vc_column-inner\"><div class=\"wpb_wrapper\">[vc_custom_heading text=&#8220;Computertomographen&#8220; font_container=&#8220;tag:h1|text_align:left&#8220; use_theme_fonts=&#8220;yes&#8220; css=&#8220;%7B%22default%22%3A%7B%22color%22%3A%22%23131F73%22%2C%22text-align%22%3A%22center%22%2C%22font-weight%22%3A%22600%22%7D%7D&#8220;]<\/div><\/div><\/div><\/div><\/div><\/section><section class=\"l-section wpb_row us_custom_5cd26a65 height_medium color_alternate\"><div class=\"l-section-h i-cf\"><div class=\"g-cols vc_row via_flex valign_middle type_default stacking_default\"><div class=\"vc_col-sm-12 wpb_column vc_column_container\"><div class=\"vc_column-inner\"><div class=\"wpb_wrapper\"><div class=\"wpb_text_column us_custom_1678898e\"><div class=\"wpb_wrapper\"><p>Wir bringen komplexe Dienstleistungen im Bereich landesweiter Projektrealisierung in Einrichtungen der Gesundheitsf\u00fcrsorge. Wir sind spezialisiert auf Betreuung sowohl \u00f6ffentlicher Tr\u00e4ger, als auch von Privatperson.<\/p>\n<p>Unser Wissen und Erfahrung erlauben es uns, die Bed\u00fcrfnisse unserer Kunden in vielen Bereichen zufriedenstellend zu verstehen und zu befriedigen.<\/p>\n<\/div><\/div><div class=\"w-separator  hide_on_mobiles size_custom\" style=\"height:.5rem\"><\/div><\/div><\/div><\/div><div class=\"vc_col-sm-6 wpb_column vc_column_container\"><div class=\"vc_column-inner\"><div class=\"wpb_wrapper\"><div class=\"wpb_text_column\"><div class=\"wpb_wrapper\"><p>Spezialisiert sind wir auf:<\/p>\n<ul>\n<li>Lieferung von medizinischer Ausstattung, die von Herstellern der Wertklasse gefertigt wird;<\/li>\n<li>Raumgestaltung und -ausstattung an Einrichtungen der Gesundheitsf\u00fcrsorge;<\/li>\n<li>Entwerfen und Herstellung von Medizinm\u00f6beln;<\/li>\n<li>komplexe Realisierung von medizingebunden Bauprojekten: Renovierung, Modernisierung und Generalunternehmervertrag<\/li>\n<\/ul>\n<p>Jedem Feld unserer T\u00e4tigkeit widmen wir unser gr\u00f6\u00dftes Engagement und ber\u00fccksichtigen dabei die besten Marktpraktiken. Denn von uns zeugen die zufriedenen Kunden.<\/p>\n<\/div><\/div><\/div><\/div><\/div><div class=\"vc_col-sm-6 wpb_column vc_column_container\"><div class=\"vc_column-inner\"><div class=\"wpb_wrapper\"><div class=\"w-image align_center\"><div class=\"w-image-h\"><img width=\"1200\" height=\"800\" src=\"https:\/\/versamed.pl\/wp-content\/uploads\/2022\/09\/generalne-wykonawstwo.jpg\" class=\"attachment-full size-full\" alt=\"\" srcset=\"https:\/\/versamed.pl\/wp-content\/uploads\/2022\/09\/generalne-wykonawstwo.jpg 1200w, https:\/\/versamed.pl\/wp-content\/uploads\/2022\/09\/generalne-wykonawstwo-300x200.jpg 300w, https:\/\/versamed.pl\/wp-content\/uploads\/2022\/09\/generalne-wykonawstwo-1024x683.jpg 1024w\" sizes=\"(max-width: 1200px) 100vw, 1200px\" \/><\/div><\/div><\/div><\/div><\/div><\/div><\/div><\/section>\n","protected":false},"excerpt":{"rendered":"[vc_custom_heading text=\"Computertomographen\" font_container=\"tag:h1|text_align:left\" use_theme_fonts=\"yes\" css=\"%7B%22default%22%3A%7B%22color%22%3A%22%23131F73%22%2C%22text-align%22%3A%22center%22%2C%22font-weight%22%3A%22600%22%7D%7D\"]Wir bringen komplexe Dienstleistungen im Bereich landesweiter Projektrealisierung in Einrichtungen der Gesundheitsf\u00fcrsorge. Wir sind spezialisiert auf Betreuung sowohl \u00f6ffentlicher Tr\u00e4ger, als auch von Privatperson. Unser Wissen und Erfahrung erlauben es uns, die Bed\u00fcrfnisse unserer Kunden in vielen Bereichen zufriedenstellend zu verstehen und zu befriedigen. Spezialisiert sind wir auf: Lieferung von medizinischer...","protected":false},"author":1,"featured_media":0,"parent":0,"menu_order":32,"comment_status":"closed","ping_status":"closed","template":"","meta":[],"_links":{"self":[{"href":"https:\/\/versamed.pl\/de\/wp-json\/wp\/v2\/pages\/1313"}],"collection":[{"href":"https:\/\/versamed.pl\/de\/wp-json\/wp\/v2\/pages"}],"about":[{"href":"https:\/\/versamed.pl\/de\/wp-json\/wp\/v2\/types\/page"}],"author":[{"embeddable":true,"href":"https:\/\/versamed.pl\/de\/wp-json\/wp\/v2\/users\/1"}],"replies":[{"embeddable":true,"href":"https:\/\/versamed.pl\/de\/wp-json\/wp\/v2\/comments?post=1313"}],"version-history":[{"count":2,"href":"https:\/\/versamed.pl\/de\/wp-json\/wp\/v2\/pages\/1313\/revisions"}],"predecessor-version":[{"id":1319,"href":"https:\/\/versamed.pl\/de\/wp-json\/wp\/v2\/pages\/1313\/revisions\/1319"}],"wp:attachment":[{"href":"https:\/\/versamed.pl\/de\/wp-json\/wp\/v2\/media?parent=1313"}],"curies":[{"name":"wp","href":"https:\/\/api.w.org\/{rel}","templated":true}]}}