{"id":1265,"date":"2022-09-22T12:22:20","date_gmt":"2022-09-22T10:22:20","guid":{"rendered":"https:\/\/versamed.pl\/generalne-wykonawstwo\/"},"modified":"2022-10-28T10:42:55","modified_gmt":"2022-10-28T08:42:55","slug":"generalunternehmervertrag","status":"publish","type":"page","link":"https:\/\/versamed.pl\/de\/generalunternehmervertrag\/","title":{"rendered":"Generalunternehmervertrag"},"content":{"rendered":"<section class=\"l-section wpb_row height_small color_alternate\"><div class=\"l-section-h i-cf\"><div class=\"g-cols vc_row via_flex valign_top type_default stacking_default\"><div class=\"vc_col-sm-12 wpb_column vc_column_container\"><div class=\"vc_column-inner\"><div class=\"wpb_wrapper\">[vc_custom_heading text=&#8220;Generalunternehmervertrag&#8220; font_container=&#8220;tag:h1|text_align:left&#8220; use_theme_fonts=&#8220;yes&#8220; css=&#8220;%7B%22default%22%3A%7B%22color%22%3A%22%23131F73%22%2C%22text-align%22%3A%22center%22%2C%22font-weight%22%3A%22600%22%7D%7D&#8220;]<div class=\"w-separator size_small\"><\/div><div class=\"wpb_text_column\"><div class=\"wpb_wrapper\"><p>Wir erbringen komplexe Bauleistungen aufgrund des vorgelegten Projektes sowie im Verfahren \u201eEntwirf und bau\u201c. Unsere langj\u00e4hrige Erfahrung, dauernde Marktbeobachtung wie auch die F\u00e4higkeit, die individuellen Bed\u00fcrfnisse des Bestellers zu verstehen, bewirken, dass unsere Bauprojekte viele Jahre lang den von dem Bauunternehmer gestellten Anforderungen gerecht werden.<\/p>\n<p>Detailwissen und -treue, hohe Arbeitsqualit\u00e4t begleiten jede unserer Projektl\u00f6sungen.<br \/>\nEntdecken Sie unsere realisierten Projekte.<\/p>\n<\/div><\/div><\/div><\/div><\/div><\/div><\/div><\/section>\n","protected":false},"excerpt":{"rendered":"[vc_custom_heading text=\"Generalunternehmervertrag\" font_container=\"tag:h1|text_align:left\" use_theme_fonts=\"yes\" css=\"%7B%22default%22%3A%7B%22color%22%3A%22%23131F73%22%2C%22text-align%22%3A%22center%22%2C%22font-weight%22%3A%22600%22%7D%7D\"]Wir erbringen komplexe Bauleistungen aufgrund des vorgelegten Projektes sowie im Verfahren \u201eEntwirf und bau\u201c. Unsere langj\u00e4hrige Erfahrung, dauernde Marktbeobachtung wie auch die F\u00e4higkeit, die individuellen Bed\u00fcrfnisse des Bestellers zu verstehen, bewirken, dass unsere Bauprojekte viele Jahre lang den von dem Bauunternehmer gestellten Anforderungen gerecht werden. Detailwissen und -treue, hohe Arbeitsqualit\u00e4t begleiten...","protected":false},"author":1,"featured_media":0,"parent":0,"menu_order":44,"comment_status":"closed","ping_status":"closed","template":"","meta":[],"_links":{"self":[{"href":"https:\/\/versamed.pl\/de\/wp-json\/wp\/v2\/pages\/1265"}],"collection":[{"href":"https:\/\/versamed.pl\/de\/wp-json\/wp\/v2\/pages"}],"about":[{"href":"https:\/\/versamed.pl\/de\/wp-json\/wp\/v2\/types\/page"}],"author":[{"embeddable":true,"href":"https:\/\/versamed.pl\/de\/wp-json\/wp\/v2\/users\/1"}],"replies":[{"embeddable":true,"href":"https:\/\/versamed.pl\/de\/wp-json\/wp\/v2\/comments?post=1265"}],"version-history":[{"count":2,"href":"https:\/\/versamed.pl\/de\/wp-json\/wp\/v2\/pages\/1265\/revisions"}],"predecessor-version":[{"id":1273,"href":"https:\/\/versamed.pl\/de\/wp-json\/wp\/v2\/pages\/1265\/revisions\/1273"}],"wp:attachment":[{"href":"https:\/\/versamed.pl\/de\/wp-json\/wp\/v2\/media?parent=1265"}],"curies":[{"name":"wp","href":"https:\/\/api.w.org\/{rel}","templated":true}]}}