{"id":1263,"date":"2022-09-22T12:19:55","date_gmt":"2022-09-22T10:19:55","guid":{"rendered":"https:\/\/versamed.pl\/projektowanie\/"},"modified":"2022-10-28T10:40:56","modified_gmt":"2022-10-28T08:40:56","slug":"entwerfen","status":"publish","type":"page","link":"https:\/\/versamed.pl\/de\/entwerfen\/","title":{"rendered":"Entwerfen"},"content":{"rendered":"<section class=\"l-section wpb_row height_small color_alternate\"><div class=\"l-section-h i-cf\"><div class=\"g-cols vc_row via_flex valign_top type_default stacking_default\"><div class=\"vc_col-sm-12 wpb_column vc_column_container\"><div class=\"vc_column-inner\"><div class=\"wpb_wrapper\">[vc_custom_heading text=&#8220;Entwerfen&#8220; use_theme_fonts=&#8220;yes&#8220; css=&#8220;%7B%22default%22%3A%7B%22color%22%3A%22%23131F73%22%2C%22text-align%22%3A%22center%22%2C%22font-weight%22%3A%22600%22%7D%7D&#8220;]<div class=\"w-separator size_small\"><\/div><div class=\"wpb_text_column\"><div class=\"wpb_wrapper\"><p>Der Prozess zur Ermittlung von individuellen Kundenbed\u00fcrfnissen und deren Anpassung an die Realisierungsbedingungen des Projekts ist f\u00fcr den endg\u00fcltigen Erfolg von Grundbedeutung. Wir wissen davon, wie wichtig es ist, den Raum in funktionaler Hinsicht zu entwerfen. Mit unserer Kenntnis des medizinischen Milieus bereiten wir Projekte vor, die es nicht nur erlauben, funktionale Ziele zu befolgen, sondern auch f\u00fcr gute Bedingungen und Betriebs- und Arbeitsklima bei der \u00c4rzteschaft sowie f\u00fcr eine patientenfreundliche Genesungsatmosph\u00e4re sorgen.<\/p>\n<p>Jedes Projekt liefern wird mit einer Visualisierung, die den Realisierungseffekt treu wiedergibt.<\/p>\n<\/div><\/div><\/div><\/div><\/div><\/div><\/div><\/section>\n","protected":false},"excerpt":{"rendered":"[vc_custom_heading text=\"Entwerfen\" use_theme_fonts=\"yes\" css=\"%7B%22default%22%3A%7B%22color%22%3A%22%23131F73%22%2C%22text-align%22%3A%22center%22%2C%22font-weight%22%3A%22600%22%7D%7D\"]Der Prozess zur Ermittlung von individuellen Kundenbed\u00fcrfnissen und deren Anpassung an die Realisierungsbedingungen des Projekts ist f\u00fcr den endg\u00fcltigen Erfolg von Grundbedeutung. Wir wissen davon, wie wichtig es ist, den Raum in funktionaler Hinsicht zu entwerfen. Mit unserer Kenntnis des medizinischen Milieus bereiten wir Projekte vor, die es nicht nur erlauben, funktionale...","protected":false},"author":1,"featured_media":0,"parent":0,"menu_order":38,"comment_status":"closed","ping_status":"closed","template":"","meta":[],"_links":{"self":[{"href":"https:\/\/versamed.pl\/de\/wp-json\/wp\/v2\/pages\/1263"}],"collection":[{"href":"https:\/\/versamed.pl\/de\/wp-json\/wp\/v2\/pages"}],"about":[{"href":"https:\/\/versamed.pl\/de\/wp-json\/wp\/v2\/types\/page"}],"author":[{"embeddable":true,"href":"https:\/\/versamed.pl\/de\/wp-json\/wp\/v2\/users\/1"}],"replies":[{"embeddable":true,"href":"https:\/\/versamed.pl\/de\/wp-json\/wp\/v2\/comments?post=1263"}],"version-history":[{"count":2,"href":"https:\/\/versamed.pl\/de\/wp-json\/wp\/v2\/pages\/1263\/revisions"}],"predecessor-version":[{"id":1269,"href":"https:\/\/versamed.pl\/de\/wp-json\/wp\/v2\/pages\/1263\/revisions\/1269"}],"wp:attachment":[{"href":"https:\/\/versamed.pl\/de\/wp-json\/wp\/v2\/media?parent=1263"}],"curies":[{"name":"wp","href":"https:\/\/api.w.org\/{rel}","templated":true}]}}