{"id":1260,"date":"2022-09-20T15:26:08","date_gmt":"2022-09-20T13:26:08","guid":{"rendered":"https:\/\/versamed.pl\/usluga-kompleksowej-realizacji-inwestycji-obiektow-medycznych\/"},"modified":"2022-10-28T11:49:27","modified_gmt":"2022-10-28T09:49:27","slug":"komplexe-realisierung-von-bauprojekten-im-medizinischen-bereich","status":"publish","type":"page","link":"https:\/\/versamed.pl\/de\/komplexe-realisierung-von-bauprojekten-im-medizinischen-bereich\/","title":{"rendered":"Komplexe Realisierung von Bauprojekten im medizinischen Bereich"},"content":{"rendered":"<section class=\"l-section wpb_row height_medium color_alternate\"><div class=\"l-section-h i-cf\"><div class=\"g-cols vc_row via_flex valign_top type_default stacking_default\"><div class=\"vc_col-sm-12 wpb_column vc_column_container\"><div class=\"vc_column-inner\"><div class=\"wpb_wrapper\">[vc_custom_heading text=&#8220;Komplexe Realisierung von Bauprojekten im medizinischen Bereich&#8220; font_container=&#8220;tag:h1|text_align:left&#8220; use_theme_fonts=&#8220;yes&#8220; css=&#8220;%7B%22default%22%3A%7B%22color%22%3A%22%23131F73%22%2C%22text-align%22%3A%22center%22%2C%22font-weight%22%3A%22600%22%7D%2C%22laptops%22%3A%7B%22color%22%3A%22%23131F73%22%2C%22text-align%22%3A%22center%22%2C%22font-weight%22%3A%22600%22%7D%2C%22tablets%22%3A%7B%22color%22%3A%22%23131F73%22%2C%22text-align%22%3A%22center%22%2C%22font-weight%22%3A%22600%22%7D%2C%22mobiles%22%3A%7B%22color%22%3A%22%23131F73%22%2C%22text-align%22%3A%22center%22%2C%22font-weight%22%3A%22600%22%7D%7D&#8220;]<div class=\"w-separator size_small\"><\/div><div class=\"wpb_text_column us_custom_eb849559\"><div class=\"wpb_wrapper\"><p>Die von uns gesammelte Erfahrung sowie das Wissen \u00fcber die Bed\u00fcrfnisse innerhalb des Sektors von medizinischen Dienstleistungen erlaubt es uns, volle Verantwortung f\u00fcr die Gesamtheit des Entwicklungsprozesses zu \u00fcbernehmen. Wir bieten Ihnen Dienstleistungen an auf jeder Realisierungsstufe eines Bauvorhabens von dem Projekt an \u00fcber Renovierung \/ Modernisierung \/ Neueinrichtung bis hin zum Generalunternehmervertrag. Wir gew\u00e4hrleisten Ihnen eine schnelle Realisierung und hohe Ausf\u00fchrungsqualit\u00e4t.<\/p>\n<p><strong>Sehen Sie die Details zu der Dienstleistung:<\/strong><\/p>\n<\/div><\/div><\/div><\/div><\/div><\/div><\/div><\/section><section class=\"l-section wpb_row us_custom_5cd26a65 realiz height_small color_alternate\"><div class=\"l-section-h i-cf\"><div class=\"g-cols vc_row via_flex valign_middle type_default stacking_default\"><div class=\"vc_col-sm-6 vc_col-md-7 wpb_column vc_column_container\"><div class=\"vc_column-inner\"><div class=\"wpb_wrapper\"><div class=\"w-hwrapper align_none valign_top\" style=\"--hwrapper-gap:2rem\">[vc_custom_heading text=&#8220;01.&#8220; use_theme_fonts=&#8220;yes&#8220; css=&#8220;%7B%22default%22%3A%7B%22color%22%3A%22_content_primary%22%2C%22font-size%22%3A%223.5rem%22%2C%22line-height%22%3A%222.5rem%22%2C%22font-family%22%3A%22Clash%20Display%22%2C%22font-weight%22%3A%22700%22%2C%22min-width%22%3A%22140px%22%2C%22margin-left%22%3A%220%22%2C%22margin-top%22%3A%220%22%2C%22margin-bottom%22%3A%220%22%2C%22margin-right%22%3A%220%22%7D%2C%22laptops%22%3A%7B%22color%22%3A%22%23b3e3fb%22%2C%22font-size%22%3A%223.5rem%22%2C%22line-height%22%3A%222.5rem%22%2C%22font-family%22%3A%22Clash%20Display%22%2C%22font-weight%22%3A%22700%22%2C%22min-width%22%3A%22140px%22%7D%2C%22tablets%22%3A%7B%22color%22%3A%22%23b3e3fb%22%2C%22font-size%22%3A%223.5rem%22%2C%22line-height%22%3A%222.5rem%22%2C%22font-family%22%3A%22Clash%20Display%22%2C%22font-weight%22%3A%22700%22%2C%22min-width%22%3A%22140px%22%7D%2C%22mobiles%22%3A%7B%22color%22%3A%22%23b3e3fb%22%2C%22font-size%22%3A%222.5rem%22%2C%22line-height%22%3A%222.5rem%22%2C%22font-family%22%3A%22Clash%20Display%22%2C%22font-weight%22%3A%22700%22%2C%22min-width%22%3A%2280px%22%7D%7D&#8220;]<div class=\"w-vwrapper align_none valign_top\" style=\"--vwrapper-gap:1rem\">[vc_custom_heading text=&#8220;Entwerfen&#8220; use_theme_fonts=&#8220;yes&#8220; css=&#8220;%7B%22default%22%3A%7B%22color%22%3A%22%23131F73%22%2C%22font-size%22%3A%221.5rem%22%2C%22font-weight%22%3A%22500%22%7D%2C%22laptops%22%3A%7B%22color%22%3A%22%23131F73%22%2C%22font-size%22%3A%221.5rem%22%2C%22font-weight%22%3A%22500%22%7D%2C%22tablets%22%3A%7B%22color%22%3A%22%23131F73%22%2C%22font-size%22%3A%221.5rem%22%2C%22font-weight%22%3A%22500%22%7D%2C%22mobiles%22%3A%7B%22color%22%3A%22%23131F73%22%2C%22font-size%22%3A%221.2rem%22%2C%22font-weight%22%3A%22500%22%7D%7D&#8220;]<div class=\"wpb_text_column\"><div class=\"wpb_wrapper\"><p>Der Prozess zur Ermittlung von individuellen Kundenbed\u00fcrfnissen und deren Anpassung an die Realisierungsbedingungen des Projekts ist f\u00fcr den endg\u00fcltigen Erfolg von Grundbedeutung\u2026<\/p>\n<\/div><\/div><div class=\"w-btn-wrapper align_none\"><a class=\"w-btn us-btn-style_1\" title=\"Entwerfen\" href=\"\/de\/entwerfen\/\"><span class=\"w-btn-label\">Details zum Angebot \u2192<\/span><\/a><\/div><\/div><\/div><\/div><\/div><\/div><div class=\"vc_col-sm-5 wpb_column vc_column_container\"><div class=\"vc_column-inner\"><div class=\"wpb_wrapper\"><div class=\"w-image has_ratio align_none\"><div class=\"w-image-h\"><div style=\"padding-bottom:66.6667%\"><\/div><img width=\"1200\" height=\"747\" src=\"https:\/\/versamed.pl\/wp-content\/uploads\/2022\/09\/projektowanie-1.jpg\" class=\"attachment-full size-full\" alt=\"\" srcset=\"https:\/\/versamed.pl\/wp-content\/uploads\/2022\/09\/projektowanie-1.jpg 1200w, https:\/\/versamed.pl\/wp-content\/uploads\/2022\/09\/projektowanie-1-300x187.jpg 300w, https:\/\/versamed.pl\/wp-content\/uploads\/2022\/09\/projektowanie-1-1024x637.jpg 1024w\" sizes=\"(max-width: 1200px) 100vw, 1200px\" \/><\/div><\/div><\/div><\/div><\/div><\/div><\/div><\/section><section class=\"l-section wpb_row realiz height_small color_alternate\"><div class=\"l-section-h i-cf\"><div class=\"g-cols vc_row via_flex valign_middle type_default stacking_default\"><div class=\"vc_col-sm-6 vc_col-md-7 wpb_column vc_column_container\"><div class=\"vc_column-inner\"><div class=\"wpb_wrapper\"><div class=\"w-hwrapper align_none valign_top\" style=\"--hwrapper-gap:2rem\">[vc_custom_heading text=&#8220;02.&#8220; use_theme_fonts=&#8220;yes&#8220; css=&#8220;%7B%22default%22%3A%7B%22color%22%3A%22_content_primary%22%2C%22font-size%22%3A%223.5rem%22%2C%22line-height%22%3A%222.5rem%22%2C%22font-family%22%3A%22Clash%20Display%22%2C%22font-weight%22%3A%22700%22%2C%22min-width%22%3A%22140px%22%2C%22margin-left%22%3A%220%22%2C%22margin-top%22%3A%220%22%2C%22margin-bottom%22%3A%220%22%2C%22margin-right%22%3A%220%22%7D%2C%22laptops%22%3A%7B%22color%22%3A%22%23b3e3fb%22%2C%22font-size%22%3A%223.5rem%22%2C%22line-height%22%3A%222.5rem%22%2C%22font-family%22%3A%22Clash%20Display%22%2C%22font-weight%22%3A%22700%22%2C%22min-width%22%3A%22140px%22%7D%2C%22tablets%22%3A%7B%22color%22%3A%22%23b3e3fb%22%2C%22font-size%22%3A%223.5rem%22%2C%22line-height%22%3A%222.5rem%22%2C%22font-family%22%3A%22Clash%20Display%22%2C%22font-weight%22%3A%22700%22%2C%22min-width%22%3A%22140px%22%7D%2C%22mobiles%22%3A%7B%22color%22%3A%22%23b3e3fb%22%2C%22font-size%22%3A%222.5rem%22%2C%22line-height%22%3A%222.5rem%22%2C%22font-family%22%3A%22Clash%20Display%22%2C%22font-weight%22%3A%22700%22%2C%22min-width%22%3A%2280px%22%7D%7D&#8220;]<div class=\"w-vwrapper align_none valign_top\" style=\"--vwrapper-gap:1rem\">[vc_custom_heading text=&#8220;Renovierung und Neueinrichtung von fachmedizinischen Geb\u00e4uden&#8220; use_theme_fonts=&#8220;yes&#8220; css=&#8220;%7B%22default%22%3A%7B%22color%22%3A%22%23131F73%22%2C%22font-size%22%3A%221.5rem%22%2C%22font-weight%22%3A%22500%22%7D%2C%22laptops%22%3A%7B%22color%22%3A%22%23131F73%22%2C%22font-size%22%3A%221.5rem%22%2C%22font-weight%22%3A%22500%22%7D%2C%22tablets%22%3A%7B%22color%22%3A%22%23131F73%22%2C%22font-size%22%3A%221.5rem%22%2C%22font-weight%22%3A%22500%22%7D%2C%22mobiles%22%3A%7B%22color%22%3A%22%23131F73%22%2C%22font-size%22%3A%221.2rem%22%2C%22font-weight%22%3A%22500%22%7D%7D&#8220;]<div class=\"wpb_text_column\"><div class=\"wpb_wrapper\"><p>Wir \u00fcbernehmen anspruchsvolle Aufgaben im Bereich der Anpassung von Einrichtungen der Gesundheitsf\u00fcrsorge an die aktuellen Bed\u00fcrfnisse\u2026 <\/p>\n<\/div><\/div><div class=\"w-btn-wrapper align_none\"><a class=\"w-btn us-btn-style_1\" title=\"Renovierung und Neueinrichtung von fachmedizinischen Geb\u00e4uden\" href=\"\/de\/renovierung-und-neueinrichtung-von-fachmedizinischen-gebaeuden\/\"><span class=\"w-btn-label\">Details zum Angebot \u2192<\/span><\/a><\/div><\/div><\/div><\/div><\/div><\/div><div class=\"vc_col-sm-6 vc_col-md-5 wpb_column vc_column_container\"><div class=\"vc_column-inner\"><div class=\"wpb_wrapper\"><div class=\"w-image has_ratio align_none\"><div class=\"w-image-h\"><div style=\"padding-bottom:66.6667%\"><\/div><img width=\"1200\" height=\"800\" src=\"https:\/\/versamed.pl\/wp-content\/uploads\/2022\/09\/adaptacja-1.jpg\" class=\"attachment-full size-full\" alt=\"\" srcset=\"https:\/\/versamed.pl\/wp-content\/uploads\/2022\/09\/adaptacja-1.jpg 1200w, https:\/\/versamed.pl\/wp-content\/uploads\/2022\/09\/adaptacja-1-300x200.jpg 300w, https:\/\/versamed.pl\/wp-content\/uploads\/2022\/09\/adaptacja-1-1024x683.jpg 1024w\" sizes=\"(max-width: 1200px) 100vw, 1200px\" \/><\/div><\/div><\/div><\/div><\/div><\/div><\/div><\/section><section class=\"l-section wpb_row realiz height_small color_alternate\"><div class=\"l-section-h i-cf\"><div class=\"g-cols vc_row via_flex valign_middle type_default stacking_default\"><div class=\"vc_col-sm-6 vc_col-md-7 wpb_column vc_column_container\"><div class=\"vc_column-inner\"><div class=\"wpb_wrapper\"><div class=\"w-hwrapper align_none valign_top\" style=\"--hwrapper-gap:2rem\">[vc_custom_heading text=&#8220;03.&#8220; use_theme_fonts=&#8220;yes&#8220; css=&#8220;%7B%22default%22%3A%7B%22color%22%3A%22_content_primary%22%2C%22font-size%22%3A%223.5rem%22%2C%22line-height%22%3A%222.5rem%22%2C%22font-family%22%3A%22Clash%20Display%22%2C%22font-weight%22%3A%22700%22%2C%22min-width%22%3A%22140px%22%2C%22margin-left%22%3A%220%22%2C%22margin-top%22%3A%220%22%2C%22margin-bottom%22%3A%220%22%2C%22margin-right%22%3A%220%22%7D%2C%22laptops%22%3A%7B%22color%22%3A%22%23b3e3fb%22%2C%22font-size%22%3A%223.5rem%22%2C%22line-height%22%3A%222.5rem%22%2C%22font-family%22%3A%22Clash%20Display%22%2C%22font-weight%22%3A%22700%22%2C%22min-width%22%3A%22140px%22%7D%2C%22tablets%22%3A%7B%22color%22%3A%22%23b3e3fb%22%2C%22font-size%22%3A%223.5rem%22%2C%22line-height%22%3A%222.5rem%22%2C%22font-family%22%3A%22Clash%20Display%22%2C%22font-weight%22%3A%22700%22%2C%22min-width%22%3A%22140px%22%7D%2C%22mobiles%22%3A%7B%22color%22%3A%22%23b3e3fb%22%2C%22font-size%22%3A%222.5rem%22%2C%22line-height%22%3A%222.5rem%22%2C%22font-family%22%3A%22Clash%20Display%22%2C%22font-weight%22%3A%22700%22%2C%22min-width%22%3A%2280px%22%7D%7D&#8220;]<div class=\"w-vwrapper align_none valign_top\" style=\"--vwrapper-gap:1rem\">[vc_custom_heading text=&#8220;Generalunternehmervertrag&#8220; use_theme_fonts=&#8220;yes&#8220; css=&#8220;%7B%22default%22%3A%7B%22color%22%3A%22%23131F73%22%2C%22font-size%22%3A%221.5rem%22%2C%22font-weight%22%3A%22500%22%7D%2C%22laptops%22%3A%7B%22color%22%3A%22%23131F73%22%2C%22font-size%22%3A%221.5rem%22%2C%22font-weight%22%3A%22500%22%7D%2C%22tablets%22%3A%7B%22color%22%3A%22%23131F73%22%2C%22font-size%22%3A%221.5rem%22%2C%22font-weight%22%3A%22500%22%7D%2C%22mobiles%22%3A%7B%22color%22%3A%22%23131F73%22%2C%22font-size%22%3A%221.2rem%22%2C%22font-weight%22%3A%22500%22%7D%7D&#8220;]<div class=\"wpb_text_column\"><div class=\"wpb_wrapper\"><p>Wir erbringen komplexe Bauleistungen aufgrund des vorgelegten Projektes sowie im Verfahren \u201eEntwirf und bau\u201c\u2026<\/p>\n<\/div><\/div><div class=\"w-btn-wrapper align_none\"><a class=\"w-btn us-btn-style_1\" title=\"Generalunternehmervertrag\" href=\"\/de\/generalunternehmervertrag\/\"><span class=\"w-btn-label\">Details zum Angebot \u2192<\/span><\/a><\/div><\/div><\/div><\/div><\/div><\/div><div class=\"vc_col-sm-6 vc_col-md-5 wpb_column vc_column_container\"><div class=\"vc_column-inner\"><div class=\"wpb_wrapper\"><div class=\"w-image has_ratio align_none\"><div class=\"w-image-h\"><div style=\"padding-bottom:66.6667%\"><\/div><img width=\"1200\" height=\"800\" src=\"https:\/\/versamed.pl\/wp-content\/uploads\/2022\/09\/generalne-wykonawstwo.jpg\" class=\"attachment-full size-full\" alt=\"\" srcset=\"https:\/\/versamed.pl\/wp-content\/uploads\/2022\/09\/generalne-wykonawstwo.jpg 1200w, https:\/\/versamed.pl\/wp-content\/uploads\/2022\/09\/generalne-wykonawstwo-300x200.jpg 300w, https:\/\/versamed.pl\/wp-content\/uploads\/2022\/09\/generalne-wykonawstwo-1024x683.jpg 1024w\" sizes=\"(max-width: 1200px) 100vw, 1200px\" \/><\/div><\/div><\/div><\/div><\/div><\/div><\/div><\/section><section class=\"l-section wpb_row realiz height_auto color_alternate\"><div class=\"l-section-h i-cf\"><div class=\"g-cols vc_row via_flex valign_top type_default stacking_default\"><div class=\"vc_col-sm-12 wpb_column vc_column_container\"><div class=\"vc_column-inner\"><div class=\"wpb_wrapper\"><div class=\"w-separator size_medium\"><\/div><\/div><\/div><\/div><\/div><\/div><\/section>\n","protected":false},"excerpt":{"rendered":"[vc_custom_heading text=\"Komplexe Realisierung von Bauprojekten im medizinischen Bereich\" font_container=\"tag:h1|text_align:left\" use_theme_fonts=\"yes\" css=\"%7B%22default%22%3A%7B%22color%22%3A%22%23131F73%22%2C%22text-align%22%3A%22center%22%2C%22font-weight%22%3A%22600%22%7D%2C%22laptops%22%3A%7B%22color%22%3A%22%23131F73%22%2C%22text-align%22%3A%22center%22%2C%22font-weight%22%3A%22600%22%7D%2C%22tablets%22%3A%7B%22color%22%3A%22%23131F73%22%2C%22text-align%22%3A%22center%22%2C%22font-weight%22%3A%22600%22%7D%2C%22mobiles%22%3A%7B%22color%22%3A%22%23131F73%22%2C%22text-align%22%3A%22center%22%2C%22font-weight%22%3A%22600%22%7D%7D\"]Die von uns gesammelte Erfahrung sowie das Wissen \u00fcber die Bed\u00fcrfnisse innerhalb des Sektors von medizinischen Dienstleistungen erlaubt es uns, volle Verantwortung f\u00fcr die Gesamtheit des Entwicklungsprozesses zu \u00fcbernehmen. Wir bieten Ihnen Dienstleistungen an auf jeder Realisierungsstufe eines Bauvorhabens von dem Projekt an \u00fcber Renovierung...","protected":false},"author":1,"featured_media":0,"parent":0,"menu_order":12,"comment_status":"closed","ping_status":"closed","template":"","meta":[],"_links":{"self":[{"href":"https:\/\/versamed.pl\/de\/wp-json\/wp\/v2\/pages\/1260"}],"collection":[{"href":"https:\/\/versamed.pl\/de\/wp-json\/wp\/v2\/pages"}],"about":[{"href":"https:\/\/versamed.pl\/de\/wp-json\/wp\/v2\/types\/page"}],"author":[{"embeddable":true,"href":"https:\/\/versamed.pl\/de\/wp-json\/wp\/v2\/users\/1"}],"replies":[{"embeddable":true,"href":"https:\/\/versamed.pl\/de\/wp-json\/wp\/v2\/comments?post=1260"}],"version-history":[{"count":3,"href":"https:\/\/versamed.pl\/de\/wp-json\/wp\/v2\/pages\/1260\/revisions"}],"predecessor-version":[{"id":1261,"href":"https:\/\/versamed.pl\/de\/wp-json\/wp\/v2\/pages\/1260\/revisions\/1261"}],"wp:attachment":[{"href":"https:\/\/versamed.pl\/de\/wp-json\/wp\/v2\/media?parent=1260"}],"curies":[{"name":"wp","href":"https:\/\/api.w.org\/{rel}","templated":true}]}}