{"id":1250,"date":"2021-10-14T13:05:18","date_gmt":"2021-10-14T11:05:18","guid":{"rendered":"https:\/\/versamed.pl\/strona-glowna\/"},"modified":"2023-05-18T10:38:03","modified_gmt":"2023-05-18T08:38:03","slug":"strona-glowna","status":"publish","type":"page","link":"https:\/\/versamed.pl\/de\/","title":{"rendered":"Strona g\u0142\u00f3wna"},"content":{"rendered":"<section class=\"l-section wpb_row height_auto width_full\"><div class=\"l-section-h i-cf\"><div class=\"g-cols vc_row via_flex valign_top type_default stacking_default\"><div class=\"vc_col-sm-12 wpb_column vc_column_container\"><div class=\"vc_column-inner\"><div class=\"wpb_wrapper\"><div class=\"w-slider style_none fit_scaledown\"><div class=\"w-slider-h\"><div class=\"royalSlider\"><div class=\"rsContent\"><a class=\"rsImg\" data-rsw=\"1920\" data-rsh=\"553\" href=\"https:\/\/versamed.pl\/wp-content\/uploads\/2022\/10\/versamed-img.jpg\"><span data-alt=\"\"><\/span><\/a><\/div><div class=\"rsContent\"><a class=\"rsImg\" data-rsw=\"1920\" data-rsh=\"553\" href=\"https:\/\/versamed.pl\/wp-content\/uploads\/2022\/09\/img3.jpg\"><span data-alt=\"\"><\/span><\/a><\/div><div class=\"rsContent\"><a class=\"rsImg\" data-rsw=\"1920\" data-rsh=\"553\" href=\"https:\/\/versamed.pl\/wp-content\/uploads\/2022\/09\/img2.jpg\"><span data-alt=\"\"><\/span><\/a><\/div><\/div><img src=\"https:\/\/versamed.pl\/wp-content\/uploads\/2022\/10\/versamed-img.jpg\" width=\"1920\" height=\"553\" alt loading=\"lazy\"><\/div><div class=\"w-slider-json\" onclick='return {&quot;loop&quot;:true,&quot;fadeInLoadedSlide&quot;:false,&quot;slidesSpacing&quot;:0,&quot;imageScalePadding&quot;:0,&quot;numImagesToPreload&quot;:2,&quot;arrowsNav&quot;:true,&quot;arrowsNavAutoHide&quot;:false,&quot;transitionType&quot;:&quot;move&quot;,&quot;transitionSpeed&quot;:250,&quot;block&quot;:{&quot;moveEffect&quot;:&quot;none&quot;,&quot;speed&quot;:300},&quot;controlNavigation&quot;:&quot;none&quot;,&quot;imageScaleMode&quot;:&quot;fit-if-smaller&quot;,&quot;autoScaleSlider&quot;:true,&quot;autoScaleSliderWidth&quot;:1920,&quot;autoScaleSliderHeight&quot;:553,&quot;fitInViewport&quot;:false}'><\/div><\/div><\/div><\/div><\/div><\/div><\/div><\/section><section class=\"l-section wpb_row us_custom_32eea1dc height_large\" id=\"uber-uns\"><div class=\"l-section-h i-cf\"><div class=\"g-cols vc_row via_flex valign_top type_default stacking_default\"><div class=\"vc_col-sm-6 wpb_column vc_column_container\"><div class=\"vc_column-inner\"><div class=\"wpb_wrapper\"><div class=\"w-hwrapper align_none valign_middle\" style=\"--hwrapper-gap:.8rem\"><div class=\"w-text us_custom_db762358 has_text_color\"><span class=\"w-text-h\"><span class=\"w-text-value\">\\<\/span><\/span><\/div><div class=\"w-text us_custom_c973fafb\"><span class=\"w-text-h\"><span class=\"w-text-value\">\u00dcBER UNS<\/span><\/span><\/div><\/div>[vc_custom_heading text=&#8220;Passion geb\u00e4rt<br \/>\nProfessionalismus&#8220; use_theme_fonts=&#8220;yes&#8220; css=&#8220;%7B%22default%22%3A%7B%22color%22%3A%22%23131F73%22%2C%22font-weight%22%3A%22600%22%7D%7D&#8220;]<\/div><\/div><\/div><div class=\"vc_col-sm-6 wpb_column vc_column_container\"><div class=\"vc_column-inner\"><div class=\"wpb_wrapper\"><div class=\"wpb_text_column\"><div class=\"wpb_wrapper\"><p>Die Firma VERSAMED setzt seit Jahren erfolgreich Projekte um, die den h\u00f6chsten Qualit\u00e4tsstandards nachkommen. Individueller Umgang mit unseren Vertragspartnern erlaubt es uns, die gesetzten Ziele zu erreichen.<\/p>\n<p>Die Qualit\u00e4t der gelieferten medizinischen Ger\u00e4te und die Anwendung der neuesten Technologien sorgen langfristig f\u00fcr Zufriedenheit der Pfleglinge von Polikliniken und des medizinischen Personals. Wir bieten Ihnen fachliche, zuverl\u00e4ssige und ehrliche Beratung bei allen Stufen unserer Zusammenarbeit an.<\/p>\n<\/div><\/div><\/div><\/div><\/div><\/div><\/div><\/section><section class=\"l-section wpb_row height_medium color_secondary\" id=\"angebot\"><div class=\"l-section-h i-cf\"><div class=\"g-cols vc_row via_flex valign_top type_default stacking_default\"><div class=\"vc_col-sm-12 wpb_column vc_column_container\"><div class=\"vc_column-inner\"><div class=\"wpb_wrapper\"><div class=\"w-hwrapper align_none valign_middle\" style=\"--hwrapper-gap:.8rem\"><div class=\"w-text us_custom_db762358 has_text_color\"><span class=\"w-text-h\"><span class=\"w-text-value\">\\<\/span><\/span><\/div><div class=\"w-text us_custom_c973fafb\"><span class=\"w-text-h\"><span class=\"w-text-value\">ANGEBOT<\/span><\/span><\/div><\/div>[vc_custom_heading text=&#8220;Unser Angebot&#8220; use_theme_fonts=&#8220;yes&#8220; css=&#8220;%7B%22default%22%3A%7B%22color%22%3A%22%23ffffff%22%2C%22font-weight%22%3A%22600%22%7D%7D&#8220;]<div class=\"w-separator size_small\"><\/div><div class=\"g-cols wpb_row via_flex valign_bottom type_default stacking_default\" id=\"box-oferta\"><div class=\"vc_col-sm-6 vc_col-md-4 wpb_column vc_column_container\"><div class=\"vc_column-inner us_custom_edb423b1\"><div class=\"wpb_wrapper\"><div class=\"w-vwrapper us_custom_edb423b1 align_none valign_top\" style=\"--vwrapper-gap:0\"><div class=\"w-iconbox us_custom_57823c8f has_text_color iconpos_top style_default color_primary align_left no_title icontype_img\"><div class=\"w-iconbox-icon\" style=\"font-size:59px;\"><img width=\"77\" height=\"64\" src=\"https:\/\/versamed.pl\/wp-content\/uploads\/2022\/09\/modernicacja-obiektow-ico.png\" class=\"attachment-full size-full\" alt=\"\" \/><\/div><div class=\"w-iconbox-meta\"><div class=\"w-iconbox-text\"><p>Komplexe Realisierung<br \/>\nvon Bauprojekten<br \/>\nim medizinischen Bereich<\/p>\n<\/div><\/div><\/div><div class=\"w-text\"><a title=\"Komplexe Realisierung von Bauprojekten im medizinischen Bereich\" href=\"\/de\/komplexe-realisierung-von-bauprojekten-im-medizinischen-bereich\/\" class=\"w-text-h\"><span class=\"w-text-value\"><\/span><\/a><\/div><\/div><\/div><\/div><\/div><div class=\"vc_col-sm-6 vc_col-md-4 wpb_column vc_column_container\"><div class=\"vc_column-inner\"><div class=\"wpb_wrapper\"><div class=\"w-vwrapper us_custom_edb423b1 align_none valign_top\" style=\"--vwrapper-gap:0\"><div class=\"w-iconbox us_custom_57823c8f has_text_color iconpos_top style_default color_primary align_left no_title icontype_img\"><div class=\"w-iconbox-icon\" style=\"font-size:59px;\"><img width=\"119\" height=\"64\" src=\"https:\/\/versamed.pl\/wp-content\/uploads\/2022\/09\/projektowanie-ico.png\" class=\"attachment-full size-full\" alt=\"\" \/><\/div><div class=\"w-iconbox-meta\"><div class=\"w-iconbox-text\"><p>Raumgestaltung von<br \/>\nmedizinischen Einrichtungen<\/p>\n<\/div><\/div><\/div><div class=\"w-text\"><a title=\"Raumgestaltung von medizinischen Einrichtungen\" href=\"\/de\/raumgestaltung-von-medizinischen-einrichtungen\/\" class=\"w-text-h\"><span class=\"w-text-value\"><\/span><\/a><\/div><\/div><\/div><\/div><\/div><div class=\"vc_col-sm-6 vc_col-md-4 wpb_column vc_column_container\"><div class=\"vc_column-inner\"><div class=\"wpb_wrapper\"><div class=\"w-vwrapper us_custom_edb423b1 align_none valign_top\" style=\"--vwrapper-gap:0\"><div class=\"w-iconbox us_custom_57823c8f has_text_color iconpos_top style_default color_primary align_left no_title icontype_img\"><div class=\"w-iconbox-icon\" style=\"font-size:59px;\"><img width=\"81\" height=\"64\" src=\"https:\/\/versamed.pl\/wp-content\/uploads\/2022\/09\/wyposazenie-med-ico.png\" class=\"attachment-full size-full\" alt=\"\" \/><\/div><div class=\"w-iconbox-meta\"><div class=\"w-iconbox-text\"><p>Medizinische Ausstattung<br \/>\nund Ger\u00e4te<\/p>\n<\/div><\/div><\/div><div class=\"w-text\"><a title=\"Medizinische Ausstattung und Ger\u00e4te\" href=\"\/de\/medizinische-ausstattung-und-geraete\/\" class=\"w-text-h\"><span class=\"w-text-value\"><\/span><\/a><\/div><\/div><\/div><\/div><\/div><div class=\"vc_col-sm-6 vc_col-md-4 wpb_column vc_column_container\"><div class=\"vc_column-inner\"><div class=\"wpb_wrapper\"><div class=\"w-vwrapper us_custom_edb423b1 align_none valign_top\" style=\"--vwrapper-gap:0\"><div class=\"w-iconbox us_custom_57823c8f has_text_color iconpos_top style_default color_primary align_left no_title icontype_img\"><div class=\"w-iconbox-icon\" style=\"font-size:59px;\"><img width=\"53\" height=\"64\" src=\"https:\/\/versamed.pl\/wp-content\/uploads\/2022\/09\/meble-medyczne-ico.png\" class=\"attachment-full size-full\" alt=\"\" \/><\/div><div class=\"w-iconbox-meta\"><div class=\"w-iconbox-text\"><p>Medizinm\u00f6bel<br \/>\nund M\u00f6belausstattung<\/p>\n<\/div><\/div><\/div><div class=\"w-text\"><a title=\"Medizinm\u00f6bel und M\u00f6belausstattung\" href=\"\/de\/medizinmoebel-und-moebelausstattung\/\" class=\"w-text-h\"><span class=\"w-text-value\"><\/span><\/a><\/div><\/div><\/div><\/div><\/div><div class=\"vc_col-sm-6 vc_col-md-4 wpb_column vc_column_container\"><div class=\"vc_column-inner\"><div class=\"wpb_wrapper\"><div class=\"w-vwrapper us_custom_edb423b1 align_none valign_top\" style=\"--vwrapper-gap:0\"><div class=\"w-iconbox us_custom_57823c8f has_text_color iconpos_top style_default color_primary align_left no_title icontype_img\"><div class=\"w-iconbox-icon\" style=\"font-size:59px;\"><img width=\"82\" height=\"64\" src=\"https:\/\/versamed.pl\/wp-content\/uploads\/2022\/09\/informatyka-w-medycynie-ico.png\" class=\"attachment-full size-full\" alt=\"\" \/><\/div><div class=\"w-iconbox-meta\"><div class=\"w-iconbox-text\"><p>Innovationen<br \/>\nin der Medizin<\/p>\n<\/div><\/div><\/div><div class=\"w-text\"><a title=\"Innovationen in der Medizin\" href=\"\/de\/innovationen-in-der-medizin\/\" class=\"w-text-h\"><span class=\"w-text-value\"><\/span><\/a><\/div><\/div><\/div><\/div><\/div><div class=\"vc_col-sm-6 vc_col-md-4 wpb_column vc_column_container\"><div class=\"vc_column-inner\"><div class=\"wpb_wrapper\"><div class=\"w-vwrapper us_custom_edb423b1 align_none valign_top\" style=\"--vwrapper-gap:0\"><div class=\"w-iconbox us_custom_57823c8f has_text_color iconpos_top style_default color_primary align_left no_title icontype_img\"><div class=\"w-iconbox-icon\" style=\"font-size:59px;\"><img width=\"73\" height=\"64\" src=\"https:\/\/versamed.pl\/wp-content\/uploads\/2022\/09\/sklep-ico.png\" class=\"attachment-full size-full\" alt=\"\" \/><\/div><div class=\"w-iconbox-meta\"><div class=\"w-iconbox-text\"><p>Speichern<br \/>\nmedizinisch<\/p>\n<\/div><\/div><\/div><div class=\"w-text\"><span class=\"w-text-h\"><span class=\"w-text-value\"><\/span><\/span><\/div><\/div><\/div><\/div><\/div><\/div><\/div><\/div><\/div><\/div><\/div><\/section>\n","protected":false},"excerpt":{"rendered":"\\\u00dcBER UNS[vc_custom_heading text=\"Passion geb\u00e4rt Professionalismus\" use_theme_fonts=\"yes\" css=\"%7B%22default%22%3A%7B%22color%22%3A%22%23131F73%22%2C%22font-weight%22%3A%22600%22%7D%7D\"]Die Firma VERSAMED setzt seit Jahren erfolgreich Projekte um, die den h\u00f6chsten Qualit\u00e4tsstandards nachkommen. Individueller Umgang mit unseren Vertragspartnern erlaubt es uns, die gesetzten Ziele zu erreichen. Die Qualit\u00e4t der gelieferten medizinischen Ger\u00e4te und die Anwendung der neuesten Technologien sorgen langfristig f\u00fcr Zufriedenheit der Pfleglinge von Polikliniken und des...","protected":false},"author":1,"featured_media":0,"parent":0,"menu_order":5,"comment_status":"closed","ping_status":"closed","template":"","meta":[],"_links":{"self":[{"href":"https:\/\/versamed.pl\/de\/wp-json\/wp\/v2\/pages\/1250"}],"collection":[{"href":"https:\/\/versamed.pl\/de\/wp-json\/wp\/v2\/pages"}],"about":[{"href":"https:\/\/versamed.pl\/de\/wp-json\/wp\/v2\/types\/page"}],"author":[{"embeddable":true,"href":"https:\/\/versamed.pl\/de\/wp-json\/wp\/v2\/users\/1"}],"replies":[{"embeddable":true,"href":"https:\/\/versamed.pl\/de\/wp-json\/wp\/v2\/comments?post=1250"}],"version-history":[{"count":10,"href":"https:\/\/versamed.pl\/de\/wp-json\/wp\/v2\/pages\/1250\/revisions"}],"predecessor-version":[{"id":1471,"href":"https:\/\/versamed.pl\/de\/wp-json\/wp\/v2\/pages\/1250\/revisions\/1471"}],"wp:attachment":[{"href":"https:\/\/versamed.pl\/de\/wp-json\/wp\/v2\/media?parent=1250"}],"curies":[{"name":"wp","href":"https:\/\/api.w.org\/{rel}","templated":true}]}}